{"id":365,"date":"2021-06-28T16:33:36","date_gmt":"2021-06-28T16:33:36","guid":{"rendered":"https:\/\/espaciofotografico360.com\/?page_id=365"},"modified":"2021-08-05T14:19:48","modified_gmt":"2021-08-05T14:19:48","slug":"servicios-fotograficos","status":"publish","type":"page","link":"https:\/\/espaciofotografico360.com\/index.php\/servicios-fotograficos\/","title":{"rendered":"Servicios Fotogr\u00e1ficos"},"content":{"rendered":"\t\t<div data-elementor-type=\"wp-page\" data-elementor-id=\"365\" class=\"elementor elementor-365\">\n\t\t\t\t\t\t<section class=\"elementor-section elementor-top-section elementor-element elementor-element-f8aa0d0 elementor-section-boxed elementor-section-height-default elementor-section-height-default\" data-id=\"f8aa0d0\" data-element_type=\"section\" data-e-type=\"section\">\n\t\t\t\t\t\t<div class=\"elementor-container elementor-column-gap-default\">\n\t\t\t\t\t<div class=\"elementor-column elementor-col-100 elementor-top-column elementor-element elementor-element-937f369\" data-id=\"937f369\" data-element_type=\"column\" data-e-type=\"column\">\n\t\t\t<div class=\"elementor-widget-wrap elementor-element-populated\">\n\t\t\t\t\t\t<div class=\"elementor-element elementor-element-1042321 elementor-widget__width-inherit elementor-widget elementor-widget-prime-slider-dragon\" data-id=\"1042321\" data-element_type=\"widget\" data-e-type=\"widget\" data-widget_type=\"prime-slider-dragon.default\">\n\t\t\t\t<div class=\"elementor-widget-container\">\n\t\t\t\t\t\t\t<div class=\"bdt-prime-slider\">\n\t\t\t<div class=\"bdt-prime-slider-dragon\">\n\t\t\t\t<div class=\"bdt-position-relative bdt-visible-toggle\" data-settings=\"{&quot;id&quot;:&quot;#bdt-1042321&quot;,&quot;animation_status&quot;:&quot;no&quot;}\" id=\"bdt-1042321\" bdt-slideshow=\"{&quot;animation&quot;:&quot;fade&quot;,&quot;ratio&quot;:&quot;16:9&quot;,&quot;min-height&quot;:50,&quot;autoplay&quot;:true,&quot;autoplay-interval&quot;:7000,&quot;pause-on-hover&quot;:false,&quot;velocity&quot;:1,&quot;finite&quot;:false}\">\n\t\t\t\t\t<ul class=\"bdt-slideshow-items\">\n\t\t\t\t\t\t\t\t<li class=\"bdt-slideshow-item bdt-flex bdt-flex-middle elementor-repeater-item-f1da8b9\">\n\n\t\t\t<div class=\"bdt-ps-dragon-bg\">\n\t\t\t\t\n\t\t\t\t\t\t<div class=\"bdt-ps-slide-img\"\n\t\t\t\t\t\t\tstyle=\"background-image: url('https:\/\/espaciofotografico360.com\/wp-content\/uploads\/2021\/07\/1549572728503-1-1024x512-1.png')\"><\/div>\n\n\t\t\t\t\t\t\t\t\t<\/div>\n\n\t\t\t<div class=\"bdt-ps-dragon-slide-image\">\n\t\t\t\t\n\t\t\t\t\t\t<div class=\"bdt-ps-slide-img\"\n\t\t\t\t\t\t\tstyle=\"background-image: url('https:\/\/espaciofotografico360.com\/wp-content\/uploads\/2021\/07\/1549572728503-1-1024x512-1.png')\"><\/div>\n\n\t\t\t\t\t\t\t\t\t<\/div>\n\n\t\t\t\t\t\t\n\t\t\t\t\t<div class=\"bdt-prime-slider-wrapper\">\n\t\t\t<div class=\"bdt-prime-slider-content\">\n\n\t\t\t\t\t\t\t\t\t<div class=\"bdt-sub-title\">\n\n\t\t\t\t\t\t<h4 class=\"bdt-sub-title-inner\" data-bdt-slideshow-parallax=\"x: 100,-100; opacity: 1,1,0\" data-reveal=\"reveal-active\">\n                            Fotograf\u00eda arquitectura 360\u00b0                        <\/h4>\n\n\t\t\t\t\t<\/div>\n\t\t\t\t\n\t\t\t\t\n\t\t\t\t\n\t\t\t\t<div data-bdt-slideshow-parallax=\"x: 400,-400; opacity: 1,1,0\">\n\t\t\t\t\t\n\t\t\n\t\t\t<a href=\"https:\/\/espaciofotografico360.com\/index.php\/fotografia-esferica\/\" class=\"bdt-ps-dragon-button reveal-muted\">\n\n\t\t\t\t\t\t\t\t\n\t\t\t\t<div class=\"bdt-ps-button\">\n\t\t\t\t\t<div class=\"bdt-ps-button-text\">Detalles<\/div>\n\t\t\t\t\t\n\t\t\t\t\t<div class=\"bdt-ps-button-wrapper\">\n\t\t\t\t\t\t<div class=\"bdt-ps-button-arrow\"><\/div>\n\t\t\t\t\t\t<div class=\"bdt-ps-button-border-circle\"><\/div>\n\t\t\t\t\t\t<div class=\"bdt-ps-button-mask-circle\">\n\t\t\t\t\t\t<div class=\"bdt-ps-button-small-circle\"><\/div>\n\t\t\t\t\t\t<\/div>\n\t\t\t\t\t<\/div>\n\t\t\t\t<\/div>\n\n\t\t\t<\/a>\n\t\t\t\t\t\t<\/div>\n\t\t\t\t\t\n\t\t\t<\/div>\n\t\t<\/div>\n        \n\t\t<\/li>\n        \t\t<li class=\"bdt-slideshow-item bdt-flex bdt-flex-middle elementor-repeater-item-75a4fb2\">\n\n\t\t\t<div class=\"bdt-ps-dragon-bg\">\n\t\t\t\t\n\t\t\t\t\t\t<div class=\"bdt-ps-slide-img\"\n\t\t\t\t\t\t\tstyle=\"background-image: url('https:\/\/espaciofotografico360.com\/wp-content\/uploads\/2021\/08\/DSC_4781-2.jpg')\"><\/div>\n\n\t\t\t\t\t\t\t\t\t<\/div>\n\n\t\t\t<div class=\"bdt-ps-dragon-slide-image\">\n\t\t\t\t\n\t\t\t\t\t\t<div class=\"bdt-ps-slide-img\"\n\t\t\t\t\t\t\tstyle=\"background-image: url('https:\/\/espaciofotografico360.com\/wp-content\/uploads\/2021\/08\/DSC_4781-2.jpg')\"><\/div>\n\n\t\t\t\t\t\t\t\t\t<\/div>\n\n\t\t\t\t\t\t\n\t\t\t\t\t<div class=\"bdt-prime-slider-wrapper\">\n\t\t\t<div class=\"bdt-prime-slider-content\">\n\n\t\t\t\t\t\t\t\t\t<div class=\"bdt-sub-title\">\n\n\t\t\t\t\t\t<h4 class=\"bdt-sub-title-inner\" data-bdt-slideshow-parallax=\"x: 100,-100; opacity: 1,1,0\" data-reveal=\"reveal-active\">\n                            Fotograf\u00eda social                        <\/h4>\n\n\t\t\t\t\t<\/div>\n\t\t\t\t\n\t\t\t\t\n\t\t\t\t\n\t\t\t\t<div data-bdt-slideshow-parallax=\"x: 400,-400; opacity: 1,1,0\">\n\t\t\t\t\t\n\t\t\n\t\t\t<a href=\"https:\/\/espaciofotografico360.com\/index.php\/fotografia-social\/\" class=\"bdt-ps-dragon-button reveal-muted\">\n\n\t\t\t\t\t\t\t\t\n\t\t\t\t<div class=\"bdt-ps-button\">\n\t\t\t\t\t<div class=\"bdt-ps-button-text\">Detalles<\/div>\n\t\t\t\t\t\n\t\t\t\t\t<div class=\"bdt-ps-button-wrapper\">\n\t\t\t\t\t\t<div class=\"bdt-ps-button-arrow\"><\/div>\n\t\t\t\t\t\t<div class=\"bdt-ps-button-border-circle\"><\/div>\n\t\t\t\t\t\t<div class=\"bdt-ps-button-mask-circle\">\n\t\t\t\t\t\t<div class=\"bdt-ps-button-small-circle\"><\/div>\n\t\t\t\t\t\t<\/div>\n\t\t\t\t\t<\/div>\n\t\t\t\t<\/div>\n\n\t\t\t<\/a>\n\t\t\t\t\t\t<\/div>\n\t\t\t\t\t\n\t\t\t<\/div>\n\t\t<\/div>\n        \n\t\t<\/li>\n        \t\t<li class=\"bdt-slideshow-item bdt-flex bdt-flex-middle elementor-repeater-item-466f118\">\n\n\t\t\t<div class=\"bdt-ps-dragon-bg\">\n\t\t\t\t\n\t\t\t\t\t\t<div class=\"bdt-ps-slide-img\"\n\t\t\t\t\t\t\tstyle=\"background-image: url('https:\/\/espaciofotografico360.com\/wp-content\/uploads\/2021\/08\/NIK_1384.jpg')\"><\/div>\n\n\t\t\t\t\t\t\t\t\t<\/div>\n\n\t\t\t<div class=\"bdt-ps-dragon-slide-image\">\n\t\t\t\t\n\t\t\t\t\t\t<div class=\"bdt-ps-slide-img\"\n\t\t\t\t\t\t\tstyle=\"background-image: url('https:\/\/espaciofotografico360.com\/wp-content\/uploads\/2021\/08\/NIK_1384.jpg')\"><\/div>\n\n\t\t\t\t\t\t\t\t\t<\/div>\n\n\t\t\t\t\t\t\n\t\t\t\t\t<div class=\"bdt-prime-slider-wrapper\">\n\t\t\t<div class=\"bdt-prime-slider-content\">\n\n\t\t\t\t\t\t\t\t\t<div class=\"bdt-sub-title\">\n\n\t\t\t\t\t\t<h4 class=\"bdt-sub-title-inner\" data-bdt-slideshow-parallax=\"x: 100,-100; opacity: 1,1,0\" data-reveal=\"reveal-active\">\n                            Fotograf\u00eda producto                        <\/h4>\n\n\t\t\t\t\t<\/div>\n\t\t\t\t\n\t\t\t\t\n\t\t\t\t\n\t\t\t\t<div data-bdt-slideshow-parallax=\"x: 400,-400; opacity: 1,1,0\">\n\t\t\t\t\t\n\t\t\n\t\t\t<a href=\"https:\/\/espaciofotografico360.com\/index.php\/fotografia-producto\/\" class=\"bdt-ps-dragon-button reveal-muted\">\n\n\t\t\t\t\t\t\t\t\n\t\t\t\t<div class=\"bdt-ps-button\">\n\t\t\t\t\t<div class=\"bdt-ps-button-text\">Detalles<\/div>\n\t\t\t\t\t\n\t\t\t\t\t<div class=\"bdt-ps-button-wrapper\">\n\t\t\t\t\t\t<div class=\"bdt-ps-button-arrow\"><\/div>\n\t\t\t\t\t\t<div class=\"bdt-ps-button-border-circle\"><\/div>\n\t\t\t\t\t\t<div class=\"bdt-ps-button-mask-circle\">\n\t\t\t\t\t\t<div class=\"bdt-ps-button-small-circle\"><\/div>\n\t\t\t\t\t\t<\/div>\n\t\t\t\t\t<\/div>\n\t\t\t\t<\/div>\n\n\t\t\t<\/a>\n\t\t\t\t\t\t<\/div>\n\t\t\t\t\t\n\t\t\t<\/div>\n\t\t<\/div>\n        \n\t\t<\/li>\n        \t\t<li class=\"bdt-slideshow-item bdt-flex bdt-flex-middle elementor-repeater-item-f87f944\">\n\n\t\t\t<div class=\"bdt-ps-dragon-bg\">\n\t\t\t\t\n\t\t\t\t\t\t<div class=\"bdt-ps-slide-img\"\n\t\t\t\t\t\t\tstyle=\"background-image: url('https:\/\/espaciofotografico360.com\/wp-content\/uploads\/2021\/08\/DSC_4788.jpg')\"><\/div>\n\n\t\t\t\t\t\t\t\t\t<\/div>\n\n\t\t\t<div class=\"bdt-ps-dragon-slide-image\">\n\t\t\t\t\n\t\t\t\t\t\t<div class=\"bdt-ps-slide-img\"\n\t\t\t\t\t\t\tstyle=\"background-image: url('https:\/\/espaciofotografico360.com\/wp-content\/uploads\/2021\/08\/DSC_4788.jpg')\"><\/div>\n\n\t\t\t\t\t\t\t\t\t<\/div>\n\n\t\t\t\t\t\t\n\t\t\t\t\t<div class=\"bdt-prime-slider-wrapper\">\n\t\t\t<div class=\"bdt-prime-slider-content\">\n\n\t\t\t\t\t\t\t\t\t<div class=\"bdt-sub-title\">\n\n\t\t\t\t\t\t<h4 class=\"bdt-sub-title-inner\" data-bdt-slideshow-parallax=\"x: 100,-100; opacity: 1,1,0\" data-reveal=\"reveal-active\">\n                            Fotograf\u00eda retrato                        <\/h4>\n\n\t\t\t\t\t<\/div>\n\t\t\t\t\n\t\t\t\t\n\t\t\t\t\n\t\t\t\t<div data-bdt-slideshow-parallax=\"x: 400,-400; opacity: 1,1,0\">\n\t\t\t\t\t\n\t\t\n\t\t\t<a href=\"https:\/\/espaciofotografico360.com\/index.php\/photobook\/\" class=\"bdt-ps-dragon-button reveal-muted\">\n\n\t\t\t\t\t\t\t\t\n\t\t\t\t<div class=\"bdt-ps-button\">\n\t\t\t\t\t<div class=\"bdt-ps-button-text\">Detalles<\/div>\n\t\t\t\t\t\n\t\t\t\t\t<div class=\"bdt-ps-button-wrapper\">\n\t\t\t\t\t\t<div class=\"bdt-ps-button-arrow\"><\/div>\n\t\t\t\t\t\t<div class=\"bdt-ps-button-border-circle\"><\/div>\n\t\t\t\t\t\t<div class=\"bdt-ps-button-mask-circle\">\n\t\t\t\t\t\t<div class=\"bdt-ps-button-small-circle\"><\/div>\n\t\t\t\t\t\t<\/div>\n\t\t\t\t\t<\/div>\n\t\t\t\t<\/div>\n\n\t\t\t<\/a>\n\t\t\t\t\t\t<\/div>\n\t\t\t\t\t\n\t\t\t<\/div>\n\t\t<\/div>\n        \n\t\t<\/li>\n        \n\t\t\t\t\t<\/ul>\n\n\t\t\t\t\t            \n                <ul class=\"bdt-slideshow-nav bdt-dotnav bdt-dotnav-vertical reveal-muted\">\n\n                                        <li bdt-slideshow-item=\"0\" data-label=\"01\" ><a href=\"#\"><\/a><\/li>\n                                        <li bdt-slideshow-item=\"1\" data-label=\"02\" ><a href=\"#\"><\/a><\/li>\n                                        <li bdt-slideshow-item=\"2\" data-label=\"03\" ><a href=\"#\"><\/a><\/li>\n                                        <li bdt-slideshow-item=\"3\" data-label=\"04\" ><a href=\"#\"><\/a><\/li>\n                                        \n                <\/ul>\n\n            \n        \t\t\t\t\t\n\t\t\t\t<\/div>\n\t\t\t\t\n\t\t<div class=\"bdt-prime-slider-social-icon reveal-muted\">\n\t\t\t\t\t\t\t\t\t\t<a >\n\t\t\t\t\t\t\t\t<span class=\"bdt-social-share-title\">\n\t\t\t\t\t\t\t\t\tFacebook\t\t\t\t\t\t\t\t<\/span>\n\t\t\t\t\t\t\t<\/a>\n\t\t\t\t\t\t\t\t\t\t\t\t\t<a >\n\t\t\t\t\t\t\t\t<span class=\"bdt-social-share-title\">\n\t\t\t\t\t\t\t\t\tInstagram\t\t\t\t\t\t\t\t<\/span>\n\t\t\t\t\t\t\t<\/a>\n\t\t\t\t\t\t\t\t<\/div>\n\n\t\t\t\t\t<\/div>\n\t\t<\/div>\n        \t\t\t\t<\/div>\n\t\t\t\t<\/div>\n\t\t\t\t\t<\/div>\n\t\t<\/div>\n\t\t\t\t\t<\/div>\n\t\t<\/section>\n\t\t\t\t<section class=\"elementor-section elementor-top-section elementor-element elementor-element-7830c2 elementor-section-content-middle elementor-section-boxed elementor-section-height-default elementor-section-height-default\" data-id=\"7830c2\" data-element_type=\"section\" data-e-type=\"section\">\n\t\t\t\t\t\t<div class=\"elementor-container elementor-column-gap-no\">\n\t\t\t\t\t<div class=\"elementor-column elementor-col-100 elementor-top-column elementor-element elementor-element-19102f92\" data-id=\"19102f92\" data-element_type=\"column\" data-e-type=\"column\">\n\t\t\t<div class=\"elementor-widget-wrap elementor-element-populated\">\n\t\t\t\t\t\t<div class=\"elementor-element elementor-element-7c17145f elementor-widget elementor-widget-heading\" data-id=\"7c17145f\" data-element_type=\"widget\" data-e-type=\"widget\" data-widget_type=\"heading.default\">\n\t\t\t\t<div class=\"elementor-widget-container\">\n\t\t\t\t\t<h3 class=\"elementor-heading-title elementor-size-default\">Servicio de calidad <\/h3>\t\t\t\t<\/div>\n\t\t\t\t<\/div>\n\t\t\t\t<section class=\"elementor-section elementor-inner-section elementor-element elementor-element-6140039e elementor-section-boxed elementor-section-height-default elementor-section-height-default\" data-id=\"6140039e\" data-element_type=\"section\" data-e-type=\"section\">\n\t\t\t\t\t\t<div class=\"elementor-container elementor-column-gap-default\">\n\t\t\t\t\t<div class=\"elementor-column elementor-col-33 elementor-inner-column elementor-element elementor-element-4006efb7\" data-id=\"4006efb7\" data-element_type=\"column\" data-e-type=\"column\">\n\t\t\t<div class=\"elementor-widget-wrap elementor-element-populated\">\n\t\t\t\t\t\t<div class=\"elementor-element elementor-element-494eb479 elementor-widget elementor-widget-counter\" data-id=\"494eb479\" data-element_type=\"widget\" data-e-type=\"widget\" data-widget_type=\"counter.default\">\n\t\t\t\t<div class=\"elementor-widget-container\">\n\t\t\t\t\t\t\t<div class=\"elementor-counter\">\n\t\t\t<div class=\"elementor-counter-title\">Calidad<\/div>\t\t\t<div class=\"elementor-counter-number-wrapper\">\n\t\t\t\t<span class=\"elementor-counter-number-prefix\"><\/span>\n\t\t\t\t<span class=\"elementor-counter-number\" data-duration=\"2000\" data-to-value=\"100\" data-from-value=\"1\" data-delimiter=\",\">1<\/span>\n\t\t\t\t<span class=\"elementor-counter-number-suffix\">%<\/span>\n\t\t\t<\/div>\n\t\t<\/div>\n\t\t\t\t\t\t<\/div>\n\t\t\t\t<\/div>\n\t\t\t\t<div class=\"elementor-element elementor-element-62a719a5 elementor-widget elementor-widget-text-editor\" data-id=\"62a719a5\" data-element_type=\"widget\" data-e-type=\"widget\" data-widget_type=\"text-editor.default\">\n\t\t\t\t<div class=\"elementor-widget-container\">\n\t\t\t\t\t\t\t\t\t<p><span class=\"TextRun SCXW240573077 BCX0\" lang=\"ES-ES\" xml:lang=\"ES-ES\" data-contrast=\"none\"><span class=\"NormalTextRun SCXW240573077 BCX0\">Satisfacci\u00f3n de las necesidades y expectativas del cliente.<\/span><\/span><span class=\"EOP SCXW240573077 BCX0\" data-ccp-props=\"{&quot;201341983&quot;:1,&quot;335551550&quot;:1,&quot;335551620&quot;:1,&quot;335559739&quot;:160,&quot;335559740&quot;:300}\">\u00a0<\/span><\/p>\t\t\t\t\t\t\t\t<\/div>\n\t\t\t\t<\/div>\n\t\t\t\t\t<\/div>\n\t\t<\/div>\n\t\t\t\t<div class=\"elementor-column elementor-col-33 elementor-inner-column elementor-element elementor-element-286a798e\" data-id=\"286a798e\" data-element_type=\"column\" data-e-type=\"column\">\n\t\t\t<div class=\"elementor-widget-wrap elementor-element-populated\">\n\t\t\t\t\t\t<div class=\"elementor-element elementor-element-2a5912f9 elementor-widget elementor-widget-counter\" data-id=\"2a5912f9\" data-element_type=\"widget\" data-e-type=\"widget\" data-widget_type=\"counter.default\">\n\t\t\t\t<div class=\"elementor-widget-container\">\n\t\t\t\t\t\t\t<div class=\"elementor-counter\">\n\t\t\t<div class=\"elementor-counter-title\">Satisfacci\u00f3n<\/div>\t\t\t<div class=\"elementor-counter-number-wrapper\">\n\t\t\t\t<span class=\"elementor-counter-number-prefix\"><\/span>\n\t\t\t\t<span class=\"elementor-counter-number\" data-duration=\"2000\" data-to-value=\"98\" data-from-value=\"1\" data-delimiter=\",\">1<\/span>\n\t\t\t\t<span class=\"elementor-counter-number-suffix\">%<\/span>\n\t\t\t<\/div>\n\t\t<\/div>\n\t\t\t\t\t\t<\/div>\n\t\t\t\t<\/div>\n\t\t\t\t<div class=\"elementor-element elementor-element-68f9fb2b elementor-widget elementor-widget-text-editor\" data-id=\"68f9fb2b\" data-element_type=\"widget\" data-e-type=\"widget\" data-widget_type=\"text-editor.default\">\n\t\t\t\t<div class=\"elementor-widget-container\">\n\t\t\t\t\t\t\t\t\t<p><span class=\"TextRun SCXW191260609 BCX0\" lang=\"ES-ES\" xml:lang=\"ES-ES\" data-contrast=\"none\"><span class=\"NormalTextRun SCXW191260609 BCX0\">Determinaci\u00f3n de lo quiere e identificaci\u00f3n de necesidades y expectativas.<\/span><\/span><span class=\"EOP SCXW191260609 BCX0\" data-ccp-props=\"{&quot;201341983&quot;:1,&quot;335551550&quot;:1,&quot;335551620&quot;:1,&quot;335559739&quot;:160,&quot;335559740&quot;:300}\">\u00a0<\/span><\/p>\t\t\t\t\t\t\t\t<\/div>\n\t\t\t\t<\/div>\n\t\t\t\t\t<\/div>\n\t\t<\/div>\n\t\t\t\t<div class=\"elementor-column elementor-col-33 elementor-inner-column elementor-element elementor-element-47c47556\" data-id=\"47c47556\" data-element_type=\"column\" data-e-type=\"column\">\n\t\t\t<div class=\"elementor-widget-wrap elementor-element-populated\">\n\t\t\t\t\t\t<div class=\"elementor-element elementor-element-69dba63f elementor-widget elementor-widget-counter\" data-id=\"69dba63f\" data-element_type=\"widget\" data-e-type=\"widget\" data-widget_type=\"counter.default\">\n\t\t\t\t<div class=\"elementor-widget-container\">\n\t\t\t\t\t\t\t<div class=\"elementor-counter\">\n\t\t\t<div class=\"elementor-counter-title\">Valor<\/div>\t\t\t<div class=\"elementor-counter-number-wrapper\">\n\t\t\t\t<span class=\"elementor-counter-number-prefix\"><\/span>\n\t\t\t\t<span class=\"elementor-counter-number\" data-duration=\"2000\" data-to-value=\"100\" data-from-value=\"1\" data-delimiter=\",\">1<\/span>\n\t\t\t\t<span class=\"elementor-counter-number-suffix\">%<\/span>\n\t\t\t<\/div>\n\t\t<\/div>\n\t\t\t\t\t\t<\/div>\n\t\t\t\t<\/div>\n\t\t\t\t<div class=\"elementor-element elementor-element-6a5edd89 elementor-widget elementor-widget-text-editor\" data-id=\"6a5edd89\" data-element_type=\"widget\" data-e-type=\"widget\" data-widget_type=\"text-editor.default\">\n\t\t\t\t<div class=\"elementor-widget-container\">\n\t\t\t\t\t\t\t\t\t<p><span class=\"TextRun SCXW148937930 BCX0\" lang=\"ES-ES\" xml:lang=\"ES-ES\" data-contrast=\"none\"><span class=\"NormalTextRun SCXW148937930 BCX0\">Servir al cliente como quiere ser servido y como debe ser servido.<\/span><\/span><span class=\"EOP SCXW148937930 BCX0\" data-ccp-props=\"{&quot;201341983&quot;:1,&quot;335551550&quot;:1,&quot;335551620&quot;:1,&quot;335559739&quot;:160,&quot;335559740&quot;:300}\">\u00a0<\/span><\/p>\t\t\t\t\t\t\t\t<\/div>\n\t\t\t\t<\/div>\n\t\t\t\t\t<\/div>\n\t\t<\/div>\n\t\t\t\t\t<\/div>\n\t\t<\/section>\n\t\t\t\t\t<\/div>\n\t\t<\/div>\n\t\t\t\t\t<\/div>\n\t\t<\/section>\n\t\t\t\t<\/div>\n\t\t","protected":false},"excerpt":{"rendered":"<p>Fotograf\u00eda arquitectura 360\u00b0 Detalles Fotograf\u00eda social Detalles Fotograf\u00eda producto Detalles Fotograf\u00eda retrato Detalles Facebook Instagram Servicio de calidad 1 % Calidad Satisfacci\u00f3n de las necesidades y expectativas del cliente.\u00a0 1 % Satisfacci\u00f3n Determinaci\u00f3n de lo quiere e identificaci\u00f3n de necesidades y expectativas.\u00a0 1 % Valor Servir al cliente como quiere ser servido y como debe [&hellip;]<\/p>\n","protected":false},"author":1,"featured_media":0,"parent":0,"menu_order":3,"comment_status":"closed","ping_status":"closed","template":"","meta":{"site-sidebar-layout":"no-sidebar","site-content-layout":"page-builder","ast-site-content-layout":"default","site-content-style":"default","site-sidebar-style":"default","ast-global-header-display":"","ast-banner-title-visibility":"","ast-main-header-display":"","ast-hfb-above-header-display":"","ast-hfb-below-header-display":"","ast-hfb-mobile-header-display":"","site-post-title":"disabled","ast-breadcrumbs-content":"","ast-featured-img":"disabled","footer-sml-layout":"","ast-disable-related-posts":"","theme-transparent-header-meta":"default","adv-header-id-meta":"","stick-header-meta":"","header-above-stick-meta":"","header-main-stick-meta":"","header-below-stick-meta":"","astra-migrate-meta-layouts":"default","ast-page-background-enabled":"default","ast-page-background-meta":{"desktop":{"background-color":"","background-image":"","background-repeat":"repeat","background-position":"center center","background-size":"auto","background-attachment":"scroll","background-type":"","background-media":"","overlay-type":"","overlay-color":"","overlay-opacity":"","overlay-gradient":""},"tablet":{"background-color":"","background-image":"","background-repeat":"repeat","background-position":"center center","background-size":"auto","background-attachment":"scroll","background-type":"","background-media":"","overlay-type":"","overlay-color":"","overlay-opacity":"","overlay-gradient":""},"mobile":{"background-color":"","background-image":"","background-repeat":"repeat","background-position":"center center","background-size":"auto","background-attachment":"scroll","background-type":"","background-media":"","overlay-type":"","overlay-color":"","overlay-opacity":"","overlay-gradient":""}},"ast-content-background-meta":{"desktop":{"background-color":"var(--ast-global-color-5)","background-image":"","background-repeat":"repeat","background-position":"center center","background-size":"auto","background-attachment":"scroll","background-type":"","background-media":"","overlay-type":"","overlay-color":"","overlay-opacity":"","overlay-gradient":""},"tablet":{"background-color":"var(--ast-global-color-5)","background-image":"","background-repeat":"repeat","background-position":"center center","background-size":"auto","background-attachment":"scroll","background-type":"","background-media":"","overlay-type":"","overlay-color":"","overlay-opacity":"","overlay-gradient":""},"mobile":{"background-color":"var(--ast-global-color-5)","background-image":"","background-repeat":"repeat","background-position":"center center","background-size":"auto","background-attachment":"scroll","background-type":"","background-media":"","overlay-type":"","overlay-color":"","overlay-opacity":"","overlay-gradient":""}},"footnotes":""},"class_list":["post-365","page","type-page","status-publish","hentry"],"_links":{"self":[{"href":"https:\/\/espaciofotografico360.com\/index.php\/wp-json\/wp\/v2\/pages\/365","targetHints":{"allow":["GET"]}}],"collection":[{"href":"https:\/\/espaciofotografico360.com\/index.php\/wp-json\/wp\/v2\/pages"}],"about":[{"href":"https:\/\/espaciofotografico360.com\/index.php\/wp-json\/wp\/v2\/types\/page"}],"author":[{"embeddable":true,"href":"https:\/\/espaciofotografico360.com\/index.php\/wp-json\/wp\/v2\/users\/1"}],"replies":[{"embeddable":true,"href":"https:\/\/espaciofotografico360.com\/index.php\/wp-json\/wp\/v2\/comments?post=365"}],"version-history":[{"count":98,"href":"https:\/\/espaciofotografico360.com\/index.php\/wp-json\/wp\/v2\/pages\/365\/revisions"}],"predecessor-version":[{"id":1735,"href":"https:\/\/espaciofotografico360.com\/index.php\/wp-json\/wp\/v2\/pages\/365\/revisions\/1735"}],"wp:attachment":[{"href":"https:\/\/espaciofotografico360.com\/index.php\/wp-json\/wp\/v2\/media?parent=365"}],"curies":[{"name":"wp","href":"https:\/\/api.w.org\/{rel}","templated":true}]}}